{"id":1275,"date":"2022-03-27T13:24:45","date_gmt":"2022-03-27T11:24:45","guid":{"rendered":"https:\/\/betonat.de\/betonat-x-collaborations\/"},"modified":"2022-03-27T23:36:31","modified_gmt":"2022-03-27T21:36:31","slug":"betonat-x-collaborations","status":"publish","type":"page","link":"https:\/\/betonat.de\/en\/betonat-x-collaborations\/","title":{"rendered":"BETONAT \u00d7 COLLABORATIONS"},"content":{"rendered":"\n\n\t<section class=\"section\" id=\"section_90860713\">\n\t\t<div class=\"section-bg fill\" >\n\t\t\t\t\t\t\t\t\t\n\t\t\t\n\n\t\t<\/div>\n\n\t\t\n\n\t\t<div class=\"section-content relative\">\n\t\t\t\n\n<div class=\"row align-center\" style=\"max-width:1200px\" id=\"row-707440345\">\n\n\n\t<div id=\"col-1414845422\" class=\"col medium-7 small-12 large-7\"  >\n\t\t\t\t<div class=\"col-inner\"  >\n\t\t\t\n\t\t\t\n\n\t<div id=\"gap-523704123\" class=\"gap-element clearfix\" style=\"display:block; height:auto;\">\n\t\t\n<style>\n#gap-523704123 {\n  padding-top: 50px;\n}\n<\/style>\n\t<\/div>\n\t\n\n\t<div id=\"text-466364665\" class=\"text\">\n\t\t\n\n<h2><b>WE LOVE TO COLLABORATE.<\/b><\/h2>\n\t\t\n<style>\n#text-466364665 {\n  font-size: 1.65rem;\n  line-height: 0.75;\n  text-align: center;\n  color: rgb(0, 0, 0);\n}\n#text-466364665 > * {\n  color: rgb(0, 0, 0);\n}\n<\/style>\n\t<\/div>\n\t\n<div class=\"text-center\"><div class=\"is-divider divider clearfix\" style=\"margin-top:0.3px;margin-bottom:0.3px;max-width:60px;height:4px;\"><\/div><\/div>\n\n\t<div id=\"text-2633296750\" class=\"text\">\n\t\t\n\n<p> <\/p>\n<p><span style=\"font-weight: 400;\">Und das \u00fcber alle Grenzen hinaus. Egal ob 1UP, Overkill, HHV oder Adidas \u2013 das BETONAT versteht sich als Katalysator der Kreativit\u00e4t. Und verk\u00f6rpert das unverf\u00e4lschte, authentische, urbane Gef\u00fchl Berlins. So entstanden in der noch sehr jungen Unternehmenshistorie bereits gro\u00dfe Kooperationen mit bekannten Brands und K\u00fcnstlern. Hieraus ging unter anderem die \u00bbLimited 1UP CanCrete Edition\u00ab als Teil des Adidas ZX 8500 Overkill Sneaker Releases hervor. <\/span><\/p>\n<p><strong>And we are ready for more. <\/strong><\/p>\n\t\t\n<style>\n#text-2633296750 {\n  line-height: 1.6;\n  text-align: center;\n}\n<\/style>\n\t<\/div>\n\t\n\n\t\t<\/div>\n\t\t\t\t\t<\/div>\n\n\t\n\n<\/div>\n<div class=\"row row-collapse row-full-width\"  id=\"row-165778242\">\n\n\n\t<div id=\"col-1232969334\" class=\"col small-12 large-12\"  >\n\t\t\t\t<div class=\"col-inner\"  >\n\t\t\t\n\t\t\t\n\n\t<div class=\"img has-hover x md-x lg-x y md-y lg-y\" id=\"image_2117613059\">\n\t\t\t\t\t\t\t\t<div class=\"img-inner dark\" >\n\t\t\t<img loading=\"lazy\" decoding=\"async\" width=\"1000\" height=\"666\" src=\"https:\/\/betonat.de\/wp-content\/uploads\/2022\/03\/betonat-berlin-cancrete-betondosen-handmade-graffiti-objects1.jpg\" class=\"attachment-large size-large\" alt=\"betonat-berlin-cancrete-betondosen-handmade-graffiti-objects1\" srcset=\"https:\/\/betonat.de\/wp-content\/uploads\/2022\/03\/betonat-berlin-cancrete-betondosen-handmade-graffiti-objects1.jpg 1000w, https:\/\/betonat.de\/wp-content\/uploads\/2022\/03\/betonat-berlin-cancrete-betondosen-handmade-graffiti-objects1-601x400.jpg 601w, https:\/\/betonat.de\/wp-content\/uploads\/2022\/03\/betonat-berlin-cancrete-betondosen-handmade-graffiti-objects1-768x511.jpg 768w, https:\/\/betonat.de\/wp-content\/uploads\/2022\/03\/betonat-berlin-cancrete-betondosen-handmade-graffiti-objects1-900x599.jpg 900w\" sizes=\"auto, (max-width: 1000px) 100vw, 1000px\" \/>\t\t\t\t\t\t\n\t\t\t\t\t<\/div>\n\t\t\t\t\t\t\t\t\n<style>\n#image_2117613059 {\n  width: 100%;\n}\n<\/style>\n\t<\/div>\n\t\n\n\n\t\t<\/div>\n\t\t\t\t\t<\/div>\n\n\t\n\n<\/div>\n\n\t\t<\/div>\n\n\t\t\n<style>\n#section_90860713 {\n  padding-top: 0px;\n  padding-bottom: 0px;\n}\n<\/style>\n\t<\/section>\n\t\n\n","protected":false},"excerpt":{"rendered":"","protected":false},"author":1,"featured_media":0,"parent":0,"menu_order":0,"comment_status":"closed","ping_status":"closed","template":"page-blank.php","meta":{"footnotes":""},"class_list":["post-1275","page","type-page","status-publish","hentry"],"yoast_head":"<!-- This site is optimized with the Yoast SEO plugin v27.3 - https:\/\/yoast.com\/product\/yoast-seo-wordpress\/ -->\n<title>BETONAT \u00d7 COLLABORATIONS &#8211; BETONAT<\/title>\n<meta name=\"robots\" content=\"index, follow, max-snippet:-1, max-image-preview:large, max-video-preview:-1\" \/>\n<link rel=\"canonical\" href=\"https:\/\/betonat.de\/en\/betonat-x-collaborations\/\" \/>\n<meta property=\"og:locale\" content=\"en_US\" \/>\n<meta property=\"og:type\" content=\"article\" \/>\n<meta property=\"og:title\" content=\"BETONAT \u00d7 COLLABORATIONS &#8211; BETONAT\" \/>\n<meta property=\"og:url\" content=\"https:\/\/betonat.de\/en\/betonat-x-collaborations\/\" \/>\n<meta property=\"og:site_name\" content=\"BETONAT\" \/>\n<meta property=\"article:modified_time\" content=\"2022-03-27T21:36:31+00:00\" \/>\n<meta name=\"twitter:card\" content=\"summary_large_image\" \/>\n<meta name=\"twitter:label1\" content=\"Est. reading time\" \/>\n\t<meta name=\"twitter:data1\" content=\"1 minute\" \/>\n<script type=\"application\/ld+json\" class=\"yoast-schema-graph\">{\"@context\":\"https:\\\/\\\/schema.org\",\"@graph\":[{\"@type\":\"WebPage\",\"@id\":\"https:\\\/\\\/betonat.de\\\/en\\\/betonat-x-collaborations\\\/\",\"url\":\"https:\\\/\\\/betonat.de\\\/en\\\/betonat-x-collaborations\\\/\",\"name\":\"BETONAT \u00d7 COLLABORATIONS &#8211; BETONAT\",\"isPartOf\":{\"@id\":\"https:\\\/\\\/betonat.de\\\/#website\"},\"datePublished\":\"2022-03-27T11:24:45+00:00\",\"dateModified\":\"2022-03-27T21:36:31+00:00\",\"breadcrumb\":{\"@id\":\"https:\\\/\\\/betonat.de\\\/en\\\/betonat-x-collaborations\\\/#breadcrumb\"},\"inLanguage\":\"en-US\",\"potentialAction\":[{\"@type\":\"ReadAction\",\"target\":[\"https:\\\/\\\/betonat.de\\\/en\\\/betonat-x-collaborations\\\/\"]}]},{\"@type\":\"BreadcrumbList\",\"@id\":\"https:\\\/\\\/betonat.de\\\/en\\\/betonat-x-collaborations\\\/#breadcrumb\",\"itemListElement\":[{\"@type\":\"ListItem\",\"position\":1,\"name\":\"Startseite\",\"item\":\"https:\\\/\\\/betonat.de\\\/en\\\/\"},{\"@type\":\"ListItem\",\"position\":2,\"name\":\"BETONAT \u00d7 COLLABORATIONS\"}]},{\"@type\":\"WebSite\",\"@id\":\"https:\\\/\\\/betonat.de\\\/#website\",\"url\":\"https:\\\/\\\/betonat.de\\\/\",\"name\":\"BETONAT\",\"description\":\"CanCrete \u2013 unsere Graffiti-Spr\u00fchdosen aus 100% Beton. Handmade in Berlin. Als urbanes Design-Objekt, Leinwand, Skulptur.\",\"publisher\":{\"@id\":\"https:\\\/\\\/betonat.de\\\/#organization\"},\"potentialAction\":[{\"@type\":\"SearchAction\",\"target\":{\"@type\":\"EntryPoint\",\"urlTemplate\":\"https:\\\/\\\/betonat.de\\\/?s={search_term_string}\"},\"query-input\":{\"@type\":\"PropertyValueSpecification\",\"valueRequired\":true,\"valueName\":\"search_term_string\"}}],\"inLanguage\":\"en-US\"},{\"@type\":\"Organization\",\"@id\":\"https:\\\/\\\/betonat.de\\\/#organization\",\"name\":\"BETONAT\",\"url\":\"https:\\\/\\\/betonat.de\\\/\",\"logo\":{\"@type\":\"ImageObject\",\"inLanguage\":\"en-US\",\"@id\":\"https:\\\/\\\/betonat.de\\\/#\\\/schema\\\/logo\\\/image\\\/\",\"url\":\"https:\\\/\\\/betonat.de\\\/wp-content\\\/uploads\\\/2022\\\/03\\\/betonat.png\",\"contentUrl\":\"https:\\\/\\\/betonat.de\\\/wp-content\\\/uploads\\\/2022\\\/03\\\/betonat.png\",\"width\":456,\"height\":707,\"caption\":\"BETONAT\"},\"image\":{\"@id\":\"https:\\\/\\\/betonat.de\\\/#\\\/schema\\\/logo\\\/image\\\/\"},\"sameAs\":[\"https:\\\/\\\/www.instagram.com\\\/betonat_de\\\/\"]}]}<\/script>\n<!-- \/ Yoast SEO plugin. -->","yoast_head_json":{"title":"BETONAT \u00d7 COLLABORATIONS &#8211; BETONAT","robots":{"index":"index","follow":"follow","max-snippet":"max-snippet:-1","max-image-preview":"max-image-preview:large","max-video-preview":"max-video-preview:-1"},"canonical":"https:\/\/betonat.de\/en\/betonat-x-collaborations\/","og_locale":"en_US","og_type":"article","og_title":"BETONAT \u00d7 COLLABORATIONS &#8211; BETONAT","og_url":"https:\/\/betonat.de\/en\/betonat-x-collaborations\/","og_site_name":"BETONAT","article_modified_time":"2022-03-27T21:36:31+00:00","twitter_card":"summary_large_image","twitter_misc":{"Est. reading time":"1 minute"},"schema":{"@context":"https:\/\/schema.org","@graph":[{"@type":"WebPage","@id":"https:\/\/betonat.de\/en\/betonat-x-collaborations\/","url":"https:\/\/betonat.de\/en\/betonat-x-collaborations\/","name":"BETONAT \u00d7 COLLABORATIONS &#8211; BETONAT","isPartOf":{"@id":"https:\/\/betonat.de\/#website"},"datePublished":"2022-03-27T11:24:45+00:00","dateModified":"2022-03-27T21:36:31+00:00","breadcrumb":{"@id":"https:\/\/betonat.de\/en\/betonat-x-collaborations\/#breadcrumb"},"inLanguage":"en-US","potentialAction":[{"@type":"ReadAction","target":["https:\/\/betonat.de\/en\/betonat-x-collaborations\/"]}]},{"@type":"BreadcrumbList","@id":"https:\/\/betonat.de\/en\/betonat-x-collaborations\/#breadcrumb","itemListElement":[{"@type":"ListItem","position":1,"name":"Startseite","item":"https:\/\/betonat.de\/en\/"},{"@type":"ListItem","position":2,"name":"BETONAT \u00d7 COLLABORATIONS"}]},{"@type":"WebSite","@id":"https:\/\/betonat.de\/#website","url":"https:\/\/betonat.de\/","name":"BETONAT","description":"CanCrete \u2013 unsere Graffiti-Spr\u00fchdosen aus 100% Beton. Handmade in Berlin. Als urbanes Design-Objekt, Leinwand, Skulptur.","publisher":{"@id":"https:\/\/betonat.de\/#organization"},"potentialAction":[{"@type":"SearchAction","target":{"@type":"EntryPoint","urlTemplate":"https:\/\/betonat.de\/?s={search_term_string}"},"query-input":{"@type":"PropertyValueSpecification","valueRequired":true,"valueName":"search_term_string"}}],"inLanguage":"en-US"},{"@type":"Organization","@id":"https:\/\/betonat.de\/#organization","name":"BETONAT","url":"https:\/\/betonat.de\/","logo":{"@type":"ImageObject","inLanguage":"en-US","@id":"https:\/\/betonat.de\/#\/schema\/logo\/image\/","url":"https:\/\/betonat.de\/wp-content\/uploads\/2022\/03\/betonat.png","contentUrl":"https:\/\/betonat.de\/wp-content\/uploads\/2022\/03\/betonat.png","width":456,"height":707,"caption":"BETONAT"},"image":{"@id":"https:\/\/betonat.de\/#\/schema\/logo\/image\/"},"sameAs":["https:\/\/www.instagram.com\/betonat_de\/"]}]}},"_links":{"self":[{"href":"https:\/\/betonat.de\/en\/wp-json\/wp\/v2\/pages\/1275","targetHints":{"allow":["GET"]}}],"collection":[{"href":"https:\/\/betonat.de\/en\/wp-json\/wp\/v2\/pages"}],"about":[{"href":"https:\/\/betonat.de\/en\/wp-json\/wp\/v2\/types\/page"}],"author":[{"embeddable":true,"href":"https:\/\/betonat.de\/en\/wp-json\/wp\/v2\/users\/1"}],"replies":[{"embeddable":true,"href":"https:\/\/betonat.de\/en\/wp-json\/wp\/v2\/comments?post=1275"}],"version-history":[{"count":0,"href":"https:\/\/betonat.de\/en\/wp-json\/wp\/v2\/pages\/1275\/revisions"}],"wp:attachment":[{"href":"https:\/\/betonat.de\/en\/wp-json\/wp\/v2\/media?parent=1275"}],"curies":[{"name":"wp","href":"https:\/\/api.w.org\/{rel}","templated":true}]}}