{"id":1270,"date":"2022-02-14T16:44:36","date_gmt":"2022-02-14T15:44:36","guid":{"rendered":"https:\/\/betonat.de\/product\/3-x-cancrete-400er\/"},"modified":"2024-02-13T08:50:28","modified_gmt":"2024-02-13T07:50:28","slug":"3-x-cancrete-400er-2","status":"publish","type":"product","link":"https:\/\/betonat.de\/en\/product\/3-x-cancrete-400er-2\/","title":{"rendered":"3 \u00d7 CanCrete 400er"},"content":{"rendered":"<h1><strong>Hello \u00bbCanCrete\u00ab!<\/strong><\/h1>\n<p>Nach monatelangem T\u00fcfteln, Experimentieren, Betonieren, Schleifen, Kleben, Gie\u00dfen.<br \/>\nHolt euch ein kleines Kunstwerk aus 1,048 kg purem Beton nach Hause. Als urbanes Kunstobjekt. Als Statement. Raumversch\u00f6nerer. Leinwand f\u00fcr eure Kunst.<\/p>\n<p>100% handmade from Berlin Neuk\u00f6lln. Verpackt in sch\u00f6ner Geschenkbox.<\/p>\n<p>Inspiration gef\u00e4llig? Folgt <a href=\"http:\/\/www.instagram.de\/betonat_de\" target=\"_blank\" rel=\"noopener noreferrer\">BETONAT<\/a> auf Instagram oder dem Hashtag #CanCreteArt.<\/p>\n","protected":false},"excerpt":{"rendered":"<ul>\n<li>3 \u00d7 400 ml harter Beton.<\/li>\n<li>3 \u00d7 1,043 kg Kunst.<\/li>\n<li>Originalgr\u00f6\u00dfe (65 mm Durchmesser, 175 mm H\u00f6he)<\/li>\n<li>Jede Dose ein Unikat.<\/li>\n<li>Handgefertigt in Berlin Neuk\u00f6lln.<\/li>\n<li>With magnetic Concrete-Cap.<\/li>\n<li>Filz-Boden f\u00fcr den sicheren Stand.<\/li>\n<li>Bestens verpackt in Geschenkbox.<\/li>\n<li>As canvas. Skulpture. Statement.<\/li>\n<\/ul>\n","protected":false},"featured_media":842,"template":"","meta":[],"product_brand":[],"product_cat":[88],"product_tag":[],"class_list":{"0":"post-1270","1":"product","2":"type-product","3":"status-publish","4":"has-post-thumbnail","6":"product_cat-cancretes-en","8":"first","9":"outofstock","10":"sale","11":"taxable","12":"shipping-taxable","13":"purchasable","14":"product-type-simple"},"yoast_head":"<!-- This site is optimized with the Yoast SEO plugin v27.3 - https:\/\/yoast.com\/product\/yoast-seo-wordpress\/ -->\n<title>3 \u00d7 CanCrete 400er &#8211; BETONAT<\/title>\n<meta name=\"robots\" content=\"index, follow, max-snippet:-1, max-image-preview:large, max-video-preview:-1\" \/>\n<link rel=\"canonical\" href=\"https:\/\/betonat.de\/product\/3-x-cancrete-400er\/\" \/>\n<meta property=\"og:locale\" content=\"en_US\" \/>\n<meta property=\"og:type\" content=\"article\" \/>\n<meta property=\"og:title\" content=\"3 \u00d7 CanCrete 400er &#8211; BETONAT\" \/>\n<meta property=\"og:description\" content=\"3 \u00d7 400 ml harter Beton.  3 \u00d7 1,043 kg Kunst.  Originalgr\u00f6\u00dfe (65 mm Durchmesser, 175 mm H\u00f6he)  Jede Dose ein Unikat.  Handgefertigt in Berlin Neuk\u00f6lln.  With magnetic Concrete-Cap.  Filz-Boden f\u00fcr den sicheren Stand.  Bestens verpackt in Geschenkbox.  As canvas. Skulpture. Statement.\" \/>\n<meta property=\"og:url\" content=\"https:\/\/betonat.de\/product\/3-x-cancrete-400er\/\" \/>\n<meta property=\"og:site_name\" content=\"BETONAT\" \/>\n<meta property=\"article:modified_time\" content=\"2024-02-13T07:50:28+00:00\" \/>\n<meta name=\"twitter:card\" content=\"summary_large_image\" \/>\n<script type=\"application\/ld+json\" class=\"yoast-schema-graph\">{\"@context\":\"https:\\\/\\\/schema.org\",\"@graph\":[{\"@type\":\"WebPage\",\"@id\":\"https:\\\/\\\/betonat.de\\\/product\\\/3-x-cancrete-400er\\\/\",\"url\":\"https:\\\/\\\/betonat.de\\\/product\\\/3-x-cancrete-400er\\\/\",\"name\":\"3 \u00d7 CanCrete 400er &#8211; BETONAT\",\"isPartOf\":{\"@id\":\"https:\\\/\\\/betonat.de\\\/#website\"},\"primaryImageOfPage\":{\"@id\":\"https:\\\/\\\/betonat.de\\\/product\\\/3-x-cancrete-400er\\\/#primaryimage\"},\"image\":{\"@id\":\"https:\\\/\\\/betonat.de\\\/product\\\/3-x-cancrete-400er\\\/#primaryimage\"},\"thumbnailUrl\":\"https:\\\/\\\/betonat.de\\\/wp-content\\\/uploads\\\/2022\\\/02\\\/betonat-berlin-graffiti-objects-16.jpeg\",\"datePublished\":\"2022-02-14T15:44:36+00:00\",\"dateModified\":\"2024-02-13T07:50:28+00:00\",\"breadcrumb\":{\"@id\":\"https:\\\/\\\/betonat.de\\\/product\\\/3-x-cancrete-400er\\\/#breadcrumb\"},\"inLanguage\":\"en-US\",\"potentialAction\":[{\"@type\":\"ReadAction\",\"target\":[\"https:\\\/\\\/betonat.de\\\/product\\\/3-x-cancrete-400er\\\/\"]}]},{\"@type\":\"ImageObject\",\"inLanguage\":\"en-US\",\"@id\":\"https:\\\/\\\/betonat.de\\\/product\\\/3-x-cancrete-400er\\\/#primaryimage\",\"url\":\"https:\\\/\\\/betonat.de\\\/wp-content\\\/uploads\\\/2022\\\/02\\\/betonat-berlin-graffiti-objects-16.jpeg\",\"contentUrl\":\"https:\\\/\\\/betonat.de\\\/wp-content\\\/uploads\\\/2022\\\/02\\\/betonat-berlin-graffiti-objects-16.jpeg\",\"width\":900,\"height\":900,\"caption\":\"betonat-berlin-graffiti-objects-cancrete-400er-concrete-spraycan\"},{\"@type\":\"BreadcrumbList\",\"@id\":\"https:\\\/\\\/betonat.de\\\/product\\\/3-x-cancrete-400er\\\/#breadcrumb\",\"itemListElement\":[{\"@type\":\"ListItem\",\"position\":1,\"name\":\"Startseite\",\"item\":\"https:\\\/\\\/betonat.de\\\/en\\\/\"},{\"@type\":\"ListItem\",\"position\":2,\"name\":\"Produkte\",\"item\":\"https:\\\/\\\/betonat.de\\\/shop\\\/\"},{\"@type\":\"ListItem\",\"position\":3,\"name\":\"3 \u00d7 CanCrete 400er\"}]},{\"@type\":\"WebSite\",\"@id\":\"https:\\\/\\\/betonat.de\\\/#website\",\"url\":\"https:\\\/\\\/betonat.de\\\/\",\"name\":\"BETONAT\",\"description\":\"CanCrete \u2013 unsere Graffiti-Spr\u00fchdosen aus 100% Beton. Handmade in Berlin. Als urbanes Design-Objekt, Leinwand, Skulptur.\",\"publisher\":{\"@id\":\"https:\\\/\\\/betonat.de\\\/#organization\"},\"potentialAction\":[{\"@type\":\"SearchAction\",\"target\":{\"@type\":\"EntryPoint\",\"urlTemplate\":\"https:\\\/\\\/betonat.de\\\/?s={search_term_string}\"},\"query-input\":{\"@type\":\"PropertyValueSpecification\",\"valueRequired\":true,\"valueName\":\"search_term_string\"}}],\"inLanguage\":\"en-US\"},{\"@type\":\"Organization\",\"@id\":\"https:\\\/\\\/betonat.de\\\/#organization\",\"name\":\"BETONAT\",\"url\":\"https:\\\/\\\/betonat.de\\\/\",\"logo\":{\"@type\":\"ImageObject\",\"inLanguage\":\"en-US\",\"@id\":\"https:\\\/\\\/betonat.de\\\/#\\\/schema\\\/logo\\\/image\\\/\",\"url\":\"https:\\\/\\\/betonat.de\\\/wp-content\\\/uploads\\\/2022\\\/03\\\/betonat.png\",\"contentUrl\":\"https:\\\/\\\/betonat.de\\\/wp-content\\\/uploads\\\/2022\\\/03\\\/betonat.png\",\"width\":456,\"height\":707,\"caption\":\"BETONAT\"},\"image\":{\"@id\":\"https:\\\/\\\/betonat.de\\\/#\\\/schema\\\/logo\\\/image\\\/\"},\"sameAs\":[\"https:\\\/\\\/www.instagram.com\\\/betonat_de\\\/\"]}]}<\/script>\n<!-- \/ Yoast SEO plugin. -->","yoast_head_json":{"title":"3 \u00d7 CanCrete 400er &#8211; BETONAT","robots":{"index":"index","follow":"follow","max-snippet":"max-snippet:-1","max-image-preview":"max-image-preview:large","max-video-preview":"max-video-preview:-1"},"canonical":"https:\/\/betonat.de\/product\/3-x-cancrete-400er\/","og_locale":"en_US","og_type":"article","og_title":"3 \u00d7 CanCrete 400er &#8211; BETONAT","og_description":"3 \u00d7 400 ml harter Beton.  3 \u00d7 1,043 kg Kunst.  Originalgr\u00f6\u00dfe (65 mm Durchmesser, 175 mm H\u00f6he)  Jede Dose ein Unikat.  Handgefertigt in Berlin Neuk\u00f6lln.  With magnetic Concrete-Cap.  Filz-Boden f\u00fcr den sicheren Stand.  Bestens verpackt in Geschenkbox.  As canvas. Skulpture. Statement.","og_url":"https:\/\/betonat.de\/product\/3-x-cancrete-400er\/","og_site_name":"BETONAT","article_modified_time":"2024-02-13T07:50:28+00:00","twitter_card":"summary_large_image","schema":{"@context":"https:\/\/schema.org","@graph":[{"@type":"WebPage","@id":"https:\/\/betonat.de\/product\/3-x-cancrete-400er\/","url":"https:\/\/betonat.de\/product\/3-x-cancrete-400er\/","name":"3 \u00d7 CanCrete 400er &#8211; BETONAT","isPartOf":{"@id":"https:\/\/betonat.de\/#website"},"primaryImageOfPage":{"@id":"https:\/\/betonat.de\/product\/3-x-cancrete-400er\/#primaryimage"},"image":{"@id":"https:\/\/betonat.de\/product\/3-x-cancrete-400er\/#primaryimage"},"thumbnailUrl":"https:\/\/betonat.de\/wp-content\/uploads\/2022\/02\/betonat-berlin-graffiti-objects-16.jpeg","datePublished":"2022-02-14T15:44:36+00:00","dateModified":"2024-02-13T07:50:28+00:00","breadcrumb":{"@id":"https:\/\/betonat.de\/product\/3-x-cancrete-400er\/#breadcrumb"},"inLanguage":"en-US","potentialAction":[{"@type":"ReadAction","target":["https:\/\/betonat.de\/product\/3-x-cancrete-400er\/"]}]},{"@type":"ImageObject","inLanguage":"en-US","@id":"https:\/\/betonat.de\/product\/3-x-cancrete-400er\/#primaryimage","url":"https:\/\/betonat.de\/wp-content\/uploads\/2022\/02\/betonat-berlin-graffiti-objects-16.jpeg","contentUrl":"https:\/\/betonat.de\/wp-content\/uploads\/2022\/02\/betonat-berlin-graffiti-objects-16.jpeg","width":900,"height":900,"caption":"betonat-berlin-graffiti-objects-cancrete-400er-concrete-spraycan"},{"@type":"BreadcrumbList","@id":"https:\/\/betonat.de\/product\/3-x-cancrete-400er\/#breadcrumb","itemListElement":[{"@type":"ListItem","position":1,"name":"Startseite","item":"https:\/\/betonat.de\/en\/"},{"@type":"ListItem","position":2,"name":"Produkte","item":"https:\/\/betonat.de\/shop\/"},{"@type":"ListItem","position":3,"name":"3 \u00d7 CanCrete 400er"}]},{"@type":"WebSite","@id":"https:\/\/betonat.de\/#website","url":"https:\/\/betonat.de\/","name":"BETONAT","description":"CanCrete \u2013 unsere Graffiti-Spr\u00fchdosen aus 100% Beton. Handmade in Berlin. Als urbanes Design-Objekt, Leinwand, Skulptur.","publisher":{"@id":"https:\/\/betonat.de\/#organization"},"potentialAction":[{"@type":"SearchAction","target":{"@type":"EntryPoint","urlTemplate":"https:\/\/betonat.de\/?s={search_term_string}"},"query-input":{"@type":"PropertyValueSpecification","valueRequired":true,"valueName":"search_term_string"}}],"inLanguage":"en-US"},{"@type":"Organization","@id":"https:\/\/betonat.de\/#organization","name":"BETONAT","url":"https:\/\/betonat.de\/","logo":{"@type":"ImageObject","inLanguage":"en-US","@id":"https:\/\/betonat.de\/#\/schema\/logo\/image\/","url":"https:\/\/betonat.de\/wp-content\/uploads\/2022\/03\/betonat.png","contentUrl":"https:\/\/betonat.de\/wp-content\/uploads\/2022\/03\/betonat.png","width":456,"height":707,"caption":"BETONAT"},"image":{"@id":"https:\/\/betonat.de\/#\/schema\/logo\/image\/"},"sameAs":["https:\/\/www.instagram.com\/betonat_de\/"]}]}},"_links":{"self":[{"href":"https:\/\/betonat.de\/en\/wp-json\/wp\/v2\/product\/1270","targetHints":{"allow":["GET"]}}],"collection":[{"href":"https:\/\/betonat.de\/en\/wp-json\/wp\/v2\/product"}],"about":[{"href":"https:\/\/betonat.de\/en\/wp-json\/wp\/v2\/types\/product"}],"wp:featuredmedia":[{"embeddable":true,"href":"https:\/\/betonat.de\/en\/wp-json\/wp\/v2\/media\/842"}],"wp:attachment":[{"href":"https:\/\/betonat.de\/en\/wp-json\/wp\/v2\/media?parent=1270"}],"wp:term":[{"taxonomy":"product_brand","embeddable":true,"href":"https:\/\/betonat.de\/en\/wp-json\/wp\/v2\/product_brand?post=1270"},{"taxonomy":"product_cat","embeddable":true,"href":"https:\/\/betonat.de\/en\/wp-json\/wp\/v2\/product_cat?post=1270"},{"taxonomy":"product_tag","embeddable":true,"href":"https:\/\/betonat.de\/en\/wp-json\/wp\/v2\/product_tag?post=1270"}],"curies":[{"name":"wp","href":"https:\/\/api.w.org\/{rel}","templated":true}]}}