{"id":1329,"date":"2021-12-27T13:21:49","date_gmt":"2021-12-27T12:21:49","guid":{"rendered":"https:\/\/betonat.de\/product\/cancrete-caps-5er\/"},"modified":"2025-08-20T00:03:54","modified_gmt":"2025-08-19T22:03:54","slug":"cancrete-caps-5er-2","status":"publish","type":"product","link":"https:\/\/betonat.de\/en\/product\/cancrete-caps-5er-2\/","title":{"rendered":"CanCrete Caps 5er"},"content":{"rendered":"<h1><strong>Attractive \u2013 the \u00bbCanCreteCaps\u00ab! <\/strong><\/h1>\n<p>Nach monatelangem T\u00fcfteln, Experimentieren, Betonieren, Schleifen, Kleben, Gie\u00dfen sind endlich die \u00bbCanCretes\u00ab am Start. And of course including a cap! You only want the caps? And that as a fridge magnet? Yep, they are actually magnetic. Get yourself a small, fine art object made of concrete. To give away, to decorate, to flatter the hand. Fridge Decorating.<\/p>\n<p>100% handmade from Berlin Neuk\u00f6lln.<\/p>\n<p>Inspiration gef\u00e4llig? Follow <a href=\"http:\/\/www.instagram.de\/betonat_de\" target=\"_blank\" rel=\"noopener noreferrer\">BETONAT<\/a> on Instagram or use the hashtag #CanCreteArt.<\/p>\n","protected":false},"excerpt":{"rendered":"<ul>\n<li>Magnetic! Perfect as a fridge magnet.<\/li>\n<li>Packed securely in a beautiful gift box.<\/li>\n<li>5 \u00d7 original size.<\/li>\n<li>5 \u00d7 fine, hard concrete.<\/li>\n<li>4 \u00d7 Standard. 1 \u00d7 skinny.<\/li>\n<li>Each cap is unique.<\/li>\n<li>Handmade in Berlin Neuk\u00f6lln.<\/li>\n<li>Felt bottom for a safe stand.<\/li>\n<li>As an accessory. Kunstobjekt. fridge magnet<\/li>\n<\/ul>\n","protected":false},"featured_media":845,"template":"","meta":[],"product_brand":[],"product_cat":[98],"product_tag":[],"class_list":{"0":"post-1329","1":"product","2":"type-product","3":"status-publish","4":"has-post-thumbnail","6":"product_cat-caps-en","8":"first","9":"instock","10":"taxable","11":"shipping-taxable","12":"purchasable","13":"product-type-simple"},"yoast_head":"<!-- This site is optimized with the Yoast SEO plugin v27.3 - https:\/\/yoast.com\/product\/yoast-seo-wordpress\/ -->\n<title>CanCrete Caps 5er &#8211; BETONAT<\/title>\n<meta name=\"robots\" content=\"index, follow, max-snippet:-1, max-image-preview:large, max-video-preview:-1\" \/>\n<link rel=\"canonical\" href=\"https:\/\/betonat.de\/product\/cancrete-caps-5er\/\" \/>\n<meta property=\"og:locale\" content=\"en_US\" \/>\n<meta property=\"og:type\" content=\"article\" \/>\n<meta property=\"og:title\" content=\"CanCrete Caps 5er &#8211; BETONAT\" \/>\n<meta property=\"og:description\" content=\"Magnetic! Perfect as a fridge magnet.  Packed securely in a beautiful gift box.  5 \u00d7 original size.  5 \u00d7 fine, hard concrete.  4 \u00d7 Standard. 1 \u00d7 skinny.  Each cap is unique.  Handmade in Berlin Neuk\u00f6lln.  Felt bottom for a safe stand.  As an accessory. Kunstobjekt. fridge magnet\" \/>\n<meta property=\"og:url\" content=\"https:\/\/betonat.de\/product\/cancrete-caps-5er\/\" \/>\n<meta property=\"og:site_name\" content=\"BETONAT\" \/>\n<meta property=\"article:modified_time\" content=\"2025-08-19T22:03:54+00:00\" \/>\n<meta name=\"twitter:card\" content=\"summary_large_image\" \/>\n<script type=\"application\/ld+json\" class=\"yoast-schema-graph\">{\"@context\":\"https:\\\/\\\/schema.org\",\"@graph\":[{\"@type\":\"WebPage\",\"@id\":\"https:\\\/\\\/betonat.de\\\/product\\\/cancrete-caps-5er\\\/\",\"url\":\"https:\\\/\\\/betonat.de\\\/product\\\/cancrete-caps-5er\\\/\",\"name\":\"CanCrete Caps 5er &#8211; BETONAT\",\"isPartOf\":{\"@id\":\"https:\\\/\\\/betonat.de\\\/#website\"},\"primaryImageOfPage\":{\"@id\":\"https:\\\/\\\/betonat.de\\\/product\\\/cancrete-caps-5er\\\/#primaryimage\"},\"image\":{\"@id\":\"https:\\\/\\\/betonat.de\\\/product\\\/cancrete-caps-5er\\\/#primaryimage\"},\"thumbnailUrl\":\"https:\\\/\\\/betonat.de\\\/wp-content\\\/uploads\\\/2022\\\/02\\\/betonat-berlin-graffiti-objects-20.jpeg\",\"datePublished\":\"2021-12-27T12:21:49+00:00\",\"dateModified\":\"2025-08-19T22:03:54+00:00\",\"breadcrumb\":{\"@id\":\"https:\\\/\\\/betonat.de\\\/product\\\/cancrete-caps-5er\\\/#breadcrumb\"},\"inLanguage\":\"en-US\",\"potentialAction\":[{\"@type\":\"ReadAction\",\"target\":[\"https:\\\/\\\/betonat.de\\\/product\\\/cancrete-caps-5er\\\/\"]}]},{\"@type\":\"ImageObject\",\"inLanguage\":\"en-US\",\"@id\":\"https:\\\/\\\/betonat.de\\\/product\\\/cancrete-caps-5er\\\/#primaryimage\",\"url\":\"https:\\\/\\\/betonat.de\\\/wp-content\\\/uploads\\\/2022\\\/02\\\/betonat-berlin-graffiti-objects-20.jpeg\",\"contentUrl\":\"https:\\\/\\\/betonat.de\\\/wp-content\\\/uploads\\\/2022\\\/02\\\/betonat-berlin-graffiti-objects-20.jpeg\",\"width\":900,\"height\":900,\"caption\":\"betonat-berlin-graffiti-objects-cancrete-concrete-spraycan-cap\"},{\"@type\":\"BreadcrumbList\",\"@id\":\"https:\\\/\\\/betonat.de\\\/product\\\/cancrete-caps-5er\\\/#breadcrumb\",\"itemListElement\":[{\"@type\":\"ListItem\",\"position\":1,\"name\":\"Startseite\",\"item\":\"https:\\\/\\\/betonat.de\\\/en\\\/\"},{\"@type\":\"ListItem\",\"position\":2,\"name\":\"Produkte\",\"item\":\"https:\\\/\\\/betonat.de\\\/shop\\\/\"},{\"@type\":\"ListItem\",\"position\":3,\"name\":\"CanCrete Caps 5er\"}]},{\"@type\":\"WebSite\",\"@id\":\"https:\\\/\\\/betonat.de\\\/#website\",\"url\":\"https:\\\/\\\/betonat.de\\\/\",\"name\":\"BETONAT\",\"description\":\"CanCrete \u2013 unsere Graffiti-Spr\u00fchdosen aus 100% Beton. Handmade in Berlin. Als urbanes Design-Objekt, Leinwand, Skulptur.\",\"publisher\":{\"@id\":\"https:\\\/\\\/betonat.de\\\/#organization\"},\"potentialAction\":[{\"@type\":\"SearchAction\",\"target\":{\"@type\":\"EntryPoint\",\"urlTemplate\":\"https:\\\/\\\/betonat.de\\\/?s={search_term_string}\"},\"query-input\":{\"@type\":\"PropertyValueSpecification\",\"valueRequired\":true,\"valueName\":\"search_term_string\"}}],\"inLanguage\":\"en-US\"},{\"@type\":\"Organization\",\"@id\":\"https:\\\/\\\/betonat.de\\\/#organization\",\"name\":\"BETONAT\",\"url\":\"https:\\\/\\\/betonat.de\\\/\",\"logo\":{\"@type\":\"ImageObject\",\"inLanguage\":\"en-US\",\"@id\":\"https:\\\/\\\/betonat.de\\\/#\\\/schema\\\/logo\\\/image\\\/\",\"url\":\"https:\\\/\\\/betonat.de\\\/wp-content\\\/uploads\\\/2022\\\/03\\\/betonat.png\",\"contentUrl\":\"https:\\\/\\\/betonat.de\\\/wp-content\\\/uploads\\\/2022\\\/03\\\/betonat.png\",\"width\":456,\"height\":707,\"caption\":\"BETONAT\"},\"image\":{\"@id\":\"https:\\\/\\\/betonat.de\\\/#\\\/schema\\\/logo\\\/image\\\/\"},\"sameAs\":[\"https:\\\/\\\/www.instagram.com\\\/betonat_de\\\/\"]}]}<\/script>\n<!-- \/ Yoast SEO plugin. -->","yoast_head_json":{"title":"CanCrete Caps 5er &#8211; BETONAT","robots":{"index":"index","follow":"follow","max-snippet":"max-snippet:-1","max-image-preview":"max-image-preview:large","max-video-preview":"max-video-preview:-1"},"canonical":"https:\/\/betonat.de\/product\/cancrete-caps-5er\/","og_locale":"en_US","og_type":"article","og_title":"CanCrete Caps 5er &#8211; BETONAT","og_description":"Magnetic! Perfect as a fridge magnet.  Packed securely in a beautiful gift box.  5 \u00d7 original size.  5 \u00d7 fine, hard concrete.  4 \u00d7 Standard. 1 \u00d7 skinny.  Each cap is unique.  Handmade in Berlin Neuk\u00f6lln.  Felt bottom for a safe stand.  As an accessory. Kunstobjekt. fridge magnet","og_url":"https:\/\/betonat.de\/product\/cancrete-caps-5er\/","og_site_name":"BETONAT","article_modified_time":"2025-08-19T22:03:54+00:00","twitter_card":"summary_large_image","schema":{"@context":"https:\/\/schema.org","@graph":[{"@type":"WebPage","@id":"https:\/\/betonat.de\/product\/cancrete-caps-5er\/","url":"https:\/\/betonat.de\/product\/cancrete-caps-5er\/","name":"CanCrete Caps 5er &#8211; BETONAT","isPartOf":{"@id":"https:\/\/betonat.de\/#website"},"primaryImageOfPage":{"@id":"https:\/\/betonat.de\/product\/cancrete-caps-5er\/#primaryimage"},"image":{"@id":"https:\/\/betonat.de\/product\/cancrete-caps-5er\/#primaryimage"},"thumbnailUrl":"https:\/\/betonat.de\/wp-content\/uploads\/2022\/02\/betonat-berlin-graffiti-objects-20.jpeg","datePublished":"2021-12-27T12:21:49+00:00","dateModified":"2025-08-19T22:03:54+00:00","breadcrumb":{"@id":"https:\/\/betonat.de\/product\/cancrete-caps-5er\/#breadcrumb"},"inLanguage":"en-US","potentialAction":[{"@type":"ReadAction","target":["https:\/\/betonat.de\/product\/cancrete-caps-5er\/"]}]},{"@type":"ImageObject","inLanguage":"en-US","@id":"https:\/\/betonat.de\/product\/cancrete-caps-5er\/#primaryimage","url":"https:\/\/betonat.de\/wp-content\/uploads\/2022\/02\/betonat-berlin-graffiti-objects-20.jpeg","contentUrl":"https:\/\/betonat.de\/wp-content\/uploads\/2022\/02\/betonat-berlin-graffiti-objects-20.jpeg","width":900,"height":900,"caption":"betonat-berlin-graffiti-objects-cancrete-concrete-spraycan-cap"},{"@type":"BreadcrumbList","@id":"https:\/\/betonat.de\/product\/cancrete-caps-5er\/#breadcrumb","itemListElement":[{"@type":"ListItem","position":1,"name":"Startseite","item":"https:\/\/betonat.de\/en\/"},{"@type":"ListItem","position":2,"name":"Produkte","item":"https:\/\/betonat.de\/shop\/"},{"@type":"ListItem","position":3,"name":"CanCrete Caps 5er"}]},{"@type":"WebSite","@id":"https:\/\/betonat.de\/#website","url":"https:\/\/betonat.de\/","name":"BETONAT","description":"CanCrete \u2013 unsere Graffiti-Spr\u00fchdosen aus 100% Beton. Handmade in Berlin. Als urbanes Design-Objekt, Leinwand, Skulptur.","publisher":{"@id":"https:\/\/betonat.de\/#organization"},"potentialAction":[{"@type":"SearchAction","target":{"@type":"EntryPoint","urlTemplate":"https:\/\/betonat.de\/?s={search_term_string}"},"query-input":{"@type":"PropertyValueSpecification","valueRequired":true,"valueName":"search_term_string"}}],"inLanguage":"en-US"},{"@type":"Organization","@id":"https:\/\/betonat.de\/#organization","name":"BETONAT","url":"https:\/\/betonat.de\/","logo":{"@type":"ImageObject","inLanguage":"en-US","@id":"https:\/\/betonat.de\/#\/schema\/logo\/image\/","url":"https:\/\/betonat.de\/wp-content\/uploads\/2022\/03\/betonat.png","contentUrl":"https:\/\/betonat.de\/wp-content\/uploads\/2022\/03\/betonat.png","width":456,"height":707,"caption":"BETONAT"},"image":{"@id":"https:\/\/betonat.de\/#\/schema\/logo\/image\/"},"sameAs":["https:\/\/www.instagram.com\/betonat_de\/"]}]}},"_links":{"self":[{"href":"https:\/\/betonat.de\/en\/wp-json\/wp\/v2\/product\/1329","targetHints":{"allow":["GET"]}}],"collection":[{"href":"https:\/\/betonat.de\/en\/wp-json\/wp\/v2\/product"}],"about":[{"href":"https:\/\/betonat.de\/en\/wp-json\/wp\/v2\/types\/product"}],"wp:featuredmedia":[{"embeddable":true,"href":"https:\/\/betonat.de\/en\/wp-json\/wp\/v2\/media\/845"}],"wp:attachment":[{"href":"https:\/\/betonat.de\/en\/wp-json\/wp\/v2\/media?parent=1329"}],"wp:term":[{"taxonomy":"product_brand","embeddable":true,"href":"https:\/\/betonat.de\/en\/wp-json\/wp\/v2\/product_brand?post=1329"},{"taxonomy":"product_cat","embeddable":true,"href":"https:\/\/betonat.de\/en\/wp-json\/wp\/v2\/product_cat?post=1329"},{"taxonomy":"product_tag","embeddable":true,"href":"https:\/\/betonat.de\/en\/wp-json\/wp\/v2\/product_tag?post=1329"}],"curies":[{"name":"wp","href":"https:\/\/api.w.org\/{rel}","templated":true}]}}